{"id":1089,"date":"2017-09-01T08:53:15","date_gmt":"2017-09-01T06:53:15","guid":{"rendered":"https:\/\/pragueonsegway.com\/contact\/"},"modified":"2022-11-19T17:00:59","modified_gmt":"2022-11-19T16:00:59","slug":"contact","status":"publish","type":"page","link":"https:\/\/pragueonsegway.com\/ru\/contact\/","title":{"rendered":"\u041a\u043e\u043d\u0442\u0430\u043a\u0442\u044b"},"content":{"rendered":"<div class=\"row\">\n<div class=\"col-md-4 col-sm-4\">\n<h4>\u041e\u0444\u0438\u0441 \u0438 \u043c\u0435\u0441\u0442\u043e \u0432\u0441\u0442\u0440\u0435\u0447\u0438<\/h4>\n<p>\u0422\u0438\u043d\u0441\u043a\u0430 13 (T\u00fdnsk\u00e1 13),<br \/>\n<em>(\u0432\u0441\u0435\u0433\u043e 100 \u043c\u0435\u0442\u0440\u043e\u0432 \u043e\u0442 \u0421\u0442\u0430\u0440\u043e\u043c\u0435\u0441\u0442\u0441\u043a\u043e\u0439 \u043f\u043b\u043e\u0449\u0430\u0434\u0438)<\/em><br \/>\n\u041f\u0440\u0430\u0433\u0430 1 \u2013 \u0421\u0442\u0430\u0440\u044b\u0439 \u0433\u043e\u0440\u043e\u0434, 11000, Czech Republic<\/p>\n<p>Email: <a href=\"mailto:info@pragueonsegway.com\">info@pragueonsegway.com<\/a><br \/>\n\u0422\u0435\u043b\u0435\u0444\u043e\u043d: <a href=\"tel:00420477477637\">+420 477 477 637<\/a><br \/>\n\u041e\u0442\u043a\u0440\u044b\u0442\u043e \u043a\u0430\u0436\u0434\u044b\u0439 \u0434\u0435\u043d\u044c, \u0441 9:00 \u0434\u043e 21:00<br \/>\n\u0417\u0438\u043c\u043e\u0439  \u0441 9:00 \u0434\u043e 19:00 <\/p>\n<p><img decoding=\"async\" class=\"img-responsive\" src=\"https:\/\/new1.pragueonsegway.com\/wp-content\/uploads\/prague-on-segway-contact.jpg\" alt=\"\" \/><\/p>\n<\/div>\n<div class=\"col-md-8 col-sm-8\">\n<h4>\u041f\u0440\u0430\u0433\u0430 \u041d\u0430 \u0421\u0435\u0433\u0432\u0435\u0435 \u043d\u0430 \u043a\u0430\u0440\u0442\u0430\u0445 Google<\/h4>\n<p><iframe loading=\"lazy\" style=\"border: 0;\" src=\"https:\/\/www.google.com\/maps\/embed?pb=!1m18!1m12!1m3!1d5119.879737756842!2d14.41031529687571!3d50.08741267170059!2m3!1f0!2f0!3f0!3m2!1i1024!2i768!4f13.1!3m3!1m2!1s0x470b951d8b274f49%3A0x98581622eff513f5!2sPrague+On+Segway!5e0!3m2!1sen!2scz!4v1493648616089\" width=\"300\" height=\"515\" allowfullscreen=\"allowfullscreen\"><\/iframe><\/p>\n<\/div>\n<div class=\"col-md-12 col-sm-12 col-xs-12 cf-contact-page\">\n\t\t[exec]get_template_part( &#8216;sections\/footer-contact-form-seven&#8217; );[\/exec]\n\t<\/div>\n<div class=\"col-md-12 col-sm-12 col-xs-12\">\n<p class=\"info\">PRAGWAY TOURS S.R.O. | I\u010c 02560305 | PROVOZOVNA: T\u00fdnsk\u00e1 13, 110 00, PRAHA 1 &#8212; STAR\u00c9 M\u011aSTO | SPOLE\u010cNOST JE ZAPSAN\u00c1 V OR VEDEN\u00c9HO M\u011aSTSK\u00ddM SOUDEM V PRAZE, ODD\u00cdL C, VLO\u017dKA 220624<\/p>\n<\/div>\n<div class=\"col-md-12 col-sm-12 col-xs-12\">\n<p class=\"info\">Tags: \u0442\u0443\u0440\u044b \u043d\u0430 \u0441\u0435\u0433\u0432\u0435\u0435| \u044d\u043a\u0441\u043a\u0443\u0440\u0441\u0438\u0438 \u043f\u043e \u041f\u0440\u0430\u0433\u0435 | \u0441\u043a\u0443\u0442\u0435\u0440\u044b \u0432 \u041f\u0440\u0430\u0433\u0435 | \u0441\u0435\u0433\u0432\u0435\u0439 \u0432 \u041f\u0440\u0430\u0433\u0435 \u0430\u0434\u0440\u0435\u0441 | \u044d\u043a\u0441\u043a\u0443\u0440\u0441\u0438\u0438 \u043d\u0430 \u0441\u0435\u0433\u0432\u0435\u0439<\/p>\n<\/div>\n<\/div>\n","protected":false},"excerpt":{"rendered":"<p>\u041e\u0444\u0438\u0441 \u0438 \u043c\u0435\u0441\u0442\u043e \u0432\u0441\u0442\u0440\u0435\u0447\u0438 \u0422\u0438\u043d\u0441\u043a\u0430 13 (T\u00fdnsk\u00e1 13), (\u0432\u0441\u0435\u0433\u043e 100 \u043c\u0435\u0442\u0440\u043e\u0432 \u043e\u0442 \u0421\u0442\u0430\u0440\u043e\u043c\u0435\u0441\u0442\u0441\u043a\u043e\u0439 \u043f\u043b\u043e\u0449\u0430\u0434\u0438) \u041f\u0440\u0430\u0433\u0430 1 \u2013 \u0421\u0442\u0430\u0440\u044b\u0439 \u0433\u043e\u0440\u043e\u0434, 11000, Czech Republic Email: info@pragueonsegway.com \u0422\u0435\u043b\u0435\u0444\u043e\u043d: +420 477 477 637 \u041e\u0442\u043a\u0440\u044b\u0442\u043e \u043a\u0430\u0436\u0434\u044b\u0439 \u0434\u0435\u043d\u044c, \u0441 9:00 \u0434\u043e 21:00 \u0417\u0438\u043c\u043e\u0439 \u0441 9:00 \u0434\u043e 19:00 \u041f\u0440\u0430\u0433\u0430 \u041d\u0430 \u0421\u0435\u0433\u0432\u0435\u0435 \u043d\u0430 \u043a\u0430\u0440\u0442\u0430\u0445 Google [exec]get_template_part( &#8216;sections\/footer-contact-form-seven&#8217; );[\/exec] PRAGWAY TOURS S.R.O. | I\u010c [&hellip;]<\/p>\n","protected":false},"author":1,"featured_media":0,"parent":0,"menu_order":0,"comment_status":"closed","ping_status":"closed","template":"","meta":{"_acf_changed":false,"_joinchat":[],"footnotes":""},"class_list":["post-1089","page","type-page","status-publish","hentry"],"acf":[],"_links":{"self":[{"href":"https:\/\/pragueonsegway.com\/ru\/wp-json\/wp\/v2\/pages\/1089","targetHints":{"allow":["GET"]}}],"collection":[{"href":"https:\/\/pragueonsegway.com\/ru\/wp-json\/wp\/v2\/pages"}],"about":[{"href":"https:\/\/pragueonsegway.com\/ru\/wp-json\/wp\/v2\/types\/page"}],"author":[{"embeddable":true,"href":"https:\/\/pragueonsegway.com\/ru\/wp-json\/wp\/v2\/users\/1"}],"replies":[{"embeddable":true,"href":"https:\/\/pragueonsegway.com\/ru\/wp-json\/wp\/v2\/comments?post=1089"}],"version-history":[{"count":6,"href":"https:\/\/pragueonsegway.com\/ru\/wp-json\/wp\/v2\/pages\/1089\/revisions"}],"predecessor-version":[{"id":10703,"href":"https:\/\/pragueonsegway.com\/ru\/wp-json\/wp\/v2\/pages\/1089\/revisions\/10703"}],"wp:attachment":[{"href":"https:\/\/pragueonsegway.com\/ru\/wp-json\/wp\/v2\/media?parent=1089"}],"curies":[{"name":"wp","href":"https:\/\/api.w.org\/{rel}","templated":true}]}}