{"id":3226,"date":"2017-11-17T18:31:25","date_gmt":"2017-11-17T17:31:25","guid":{"rendered":"https:\/\/pragueonsegway.com\/segway-ban-prague\/"},"modified":"2023-01-08T12:59:28","modified_gmt":"2023-01-08T11:59:28","slug":"segway-ban-prague","status":"publish","type":"page","link":"https:\/\/pragueonsegway.com\/pt-pt\/segway-ban-prague\/","title":{"rendered":"Proibi\u00e7\u00e3o de Segway em Praga"},"content":{"rendered":"<p>Os passeios de Segway s\u00e3o um dos \u201cmust do\u201d dos turistas quando v\u00eam a Praga. Essas excurs\u00f5es s\u00e3o a maneira mais conveniente de ver a cidade apenas por algumas horas. Infelizmente, por causa dos problemas das autoridades, agora os turistas n\u00e3o podem mais dirigir em Segway na Cidade Velha de Praga.<\/p>\n<h2>O in\u00edcio dos problemas em Praga de acordo com a proibi\u00e7\u00e3o do Segway<\/h2>\n<p style=\"display: inline-block; text-align: justify;\"><img decoding=\"async\" class=\"size-medium wp-image-1566 alignright\" style=\"float: right; margin: 0px 0px 10px 10px;\" src=\"https:\/\/pragueonsegway.com\/wp-content\/uploads\/\/prague-segway-ban-map-217x300.jpg\" alt=\"Segway ban map\" width=\"217\" srcset=\"https:\/\/pragueonsegway.com\/wp-content\/uploads\/prague-segway-ban-map-217x300.jpg 217w, https:\/\/pragueonsegway.com\/wp-content\/uploads\/prague-segway-ban-map.jpg 695w, https:\/\/pragueonsegway.com\/wp-content\/uploads\/prague-segway-ban-map-265x366.jpg 265w, https:\/\/pragueonsegway.com\/wp-content\/uploads\/prague-segway-ban-map-313x432.jpg 313w\" sizes=\"(max-width: 217px) 100vw, 217px\" \/>Em todo o mundo Segway PT tornou-se a forma mais popular de transporte. E Praga n\u00e3o \u00e9 exce\u00e7\u00e3o, j\u00e1 que havia 26 empresas oferecendo passeios no centro hist\u00f3rico. Os problemas da proibi\u00e7\u00e3o do segway come\u00e7aram j\u00e1 em 2012, quando os moradores come\u00e7aram a discutir sobre a quantidade de Segway na Cidade Velha de Praga (eram cerca de 400 de eles). Apesar do Segway ser f\u00e1cil de controlar e ser um ve\u00edculo totalmente \u00e0 prova de falhas, muitas empresas n\u00e3o seguiram as regras b\u00e1sicas de seguran\u00e7a (como o uso de capacetes) e n\u00e3o respeitaram a rotina di\u00e1ria dos locais. Levar turistas b\u00eabados e crian\u00e7as pequenas que n\u00e3o conseguem controlar a m\u00e1quina, dirigir nas estradas e regulamentar foram os principais argumentos dos checos locais.<br \/>\nOficialmente, a proibi\u00e7\u00e3o do Segway entrou em vigor em 6 de dezembro de 2016, pois levou 4 anos para os moradores coletarem evid\u00eancias comprometedoras de pessoas dirigindo Segway em Praga de maneira inadequada. Infelizmente, n\u00e3o apenas as empresas que estavam quebrando as regras, mas tamb\u00e9m a nossa empresa (aquela que era realmente r\u00edgida com os turistas e cumpria todas as leis da Rep\u00fablica Tcheca) sofreu com a proibi\u00e7\u00e3o adotada pela Prefeitura de Praga.<\/p>\n<h2>Lidando com a proibi\u00e7\u00e3o do Segway no centro de Praga<\/h2>\n<p style=\"display: inline-block; text-align: justify;\"><img loading=\"lazy\" decoding=\"async\" class=\"size-medium wp-image-3003 alignleft\" style=\"float: left; margin: 0px 10px 10px 0px;\" src=\"https:\/\/pragueonsegway.com\/wp-content\/uploads\/\/segway-ban-prague-crazy-text-300x200.jpg\" alt=\"\" width=\"300\" height=\"200\" \/>Mesmo que o a proibi\u00e7\u00e3o do Segway entrou em vigor, algumas empresas n\u00e3o desistiram e encontraram a solu\u00e7\u00e3o de proibir o Segway na Cidade Velha. Eles come\u00e7aram a oferecer passeios na Cidade Nova (Praga 2 &#8211; Vinohrady), a \u00e1rea repleta de pontos hist\u00f3ricos e belo parque e vista panor\u00e2mica. As autoridades locais investiram mais de 200.000 euros em sinais de tr\u00e2nsito nas ruas de Praga, que por vezes (s\u00f3 para dizer a verdade) foram instalados em locais tolos (por exemplo, a entrada do cemit\u00e9rio, perto das margens do rio ou as escadas .<br \/>\nA partir desses fatos, podemos ver que as autoridades n\u00e3o estavam preparadas para a ado\u00e7\u00e3o dos novos regulamentos e basicamente colocaram sinais oficiais super caros em qualquer lugar apenas para acalmar a popula\u00e7\u00e3o local de Praga. Embora os turistas ainda estivessem interessados em fazer passeios de Segway, eles n\u00e3o estavam cientes da mudan\u00e7a na situa\u00e7\u00e3o, pois n\u00e3o conseguiam ver nenhuma das placas nas ruas da Cidade Velha.<br \/>\nLidar com a press\u00e3o da pol\u00edcia municipal e o fechamento gradual da \u00e1rea de Praga 2 tornou-se um desafio que nem todas as empresas conseguem enfrentar. Foi uma raz\u00e3o pela qual j\u00e1 em meados de janeiro havia apenas 3 empresas operando com Segway em Praga. Mesmo que muitas empresas n\u00e3o respons\u00e1veis tenham fechado antes, o efeito do estilo de dirigir afetou negativamente a atitude dos moradores em rela\u00e7\u00e3o ao Segway. Atendendo a in\u00fameros pedidos de moradores tchecos, o fechamento oficial do distrito de Praga 2 e \u00e1reas pr\u00f3ximas foi adotado pelas autoridades em junho de 2017.<\/p>\n<h2>Fundar compromissos para a proibi\u00e7\u00e3o de Segway em Praga<\/h2>\n<p>A proibi\u00e7\u00e3o do Segway em v\u00e1rios bairros de Praga n\u00e3o obrigou a nossa empresa a parar de trabalhar com os turistas e trazer alegria para eles. J\u00e1 no in\u00edcio de julho de 2017, come\u00e7amos a oferecer passeios na \u00e1rea de Praga 6 (aquela que fica perto do Castelo de Praga), pois guias tur\u00edsticos profissionais constru\u00edram rotas novas, convenientes e profundamente hist\u00f3ricas para iniciantes e profissionais. Indo de segway no Castelo de Praga e na \u00e1rea do mosteiro Strahov, tamb\u00e9m podemos oferecer rotas para o parque nacional do Canyon de Praga dentro da cidade.<br \/>\nNo centro da cidade, oferecemos patinetes el\u00e9tricos em vez de segways. A carteira de motorista n\u00e3o \u00e9 necess\u00e1ria: esse tipo de scooter est\u00e1 na categoria de transporte de bicicletas.<br \/>\nSe voc\u00ea n\u00e3o tem certeza do que exatamente deseja, pode reservar uma op\u00e7\u00e3o de tour flex\u00edvel &#8211; a rota exata que voc\u00ea escolher\u00e1 em nossa loja junto com seu guia pessoal. Dep\u00f3sito de reserva ou autoriza\u00e7\u00e3o de cart\u00e3o de cr\u00e9dito n\u00e3o s\u00e3o necess\u00e1rios!<\/p>\n","protected":false},"excerpt":{"rendered":"<p>Os passeios de Segway s\u00e3o um dos \u201cmust do\u201d dos turistas quando v\u00eam a Praga. Essas excurs\u00f5es s\u00e3o a maneira mais conveniente de ver a cidade apenas por algumas horas. Infelizmente, por causa dos problemas das autoridades, agora os turistas n\u00e3o podem mais dirigir em Segway na Cidade Velha de Praga. O in\u00edcio dos problemas [&hellip;]<\/p>\n","protected":false},"author":1,"featured_media":3012,"parent":0,"menu_order":0,"comment_status":"closed","ping_status":"closed","template":"","meta":{"_acf_changed":false,"_joinchat":[],"footnotes":""},"class_list":["post-3226","page","type-page","status-publish","has-post-thumbnail","hentry"],"acf":[],"_links":{"self":[{"href":"https:\/\/pragueonsegway.com\/pt-pt\/wp-json\/wp\/v2\/pages\/3226","targetHints":{"allow":["GET"]}}],"collection":[{"href":"https:\/\/pragueonsegway.com\/pt-pt\/wp-json\/wp\/v2\/pages"}],"about":[{"href":"https:\/\/pragueonsegway.com\/pt-pt\/wp-json\/wp\/v2\/types\/page"}],"author":[{"embeddable":true,"href":"https:\/\/pragueonsegway.com\/pt-pt\/wp-json\/wp\/v2\/users\/1"}],"replies":[{"embeddable":true,"href":"https:\/\/pragueonsegway.com\/pt-pt\/wp-json\/wp\/v2\/comments?post=3226"}],"version-history":[{"count":1,"href":"https:\/\/pragueonsegway.com\/pt-pt\/wp-json\/wp\/v2\/pages\/3226\/revisions"}],"predecessor-version":[{"id":10804,"href":"https:\/\/pragueonsegway.com\/pt-pt\/wp-json\/wp\/v2\/pages\/3226\/revisions\/10804"}],"wp:featuredmedia":[{"embeddable":true,"href":"https:\/\/pragueonsegway.com\/pt-pt\/wp-json\/wp\/v2\/media\/3012"}],"wp:attachment":[{"href":"https:\/\/pragueonsegway.com\/pt-pt\/wp-json\/wp\/v2\/media?parent=3226"}],"curies":[{"name":"wp","href":"https:\/\/api.w.org\/{rel}","templated":true}]}}