{"id":1088,"date":"2017-09-01T08:53:15","date_gmt":"2017-09-01T06:53:15","guid":{"rendered":"https:\/\/pragueonsegway.com\/contact\/"},"modified":"2022-11-19T17:02:27","modified_gmt":"2022-11-19T16:02:27","slug":"praga-no-segway-contactos","status":"publish","type":"page","link":"https:\/\/pragueonsegway.com\/pt-pt\/praga-no-segway-contactos\/","title":{"rendered":"Praga no Segway &#8211; Contactos"},"content":{"rendered":"<div class=\"row\">\n<div class=\"col-md-4 col-sm-4\">\n<h4>Local de escrit\u00f3rio e ponto de encontro<\/h4>\n<p>T\u00fdnsk\u00e1 13,<br \/>\n<em>(apenas a 100 metros da Pra\u00e7a da Cidade Velha)<\/em><br \/>\nPraha 1 &#8211; Star\u00e9 M\u011bsto, 11000, Rep\u00fablica Checa<\/p>\n<p>Email: <a href=\"mailto:info@pragueonsegway.com\">info@pragueonsegway.com<\/a><br \/>\nN\u00famero de contato: <a href=\"tel:00420477477637\">+420 477 477 637<\/a><br \/>\nAberto diariamente. 9:00 &#8211; 21:00 (9 AM &#8211; 9 PM)<br \/>\nTemporada de inverno: das 9:00 \u00e0s 19:00<\/p>\n<p><img decoding=\"async\" class=\"img-responsive\" src=\"https:\/\/new1.pragueonsegway.com\/wp-content\/uploads\/prague-on-segway-contact.jpg\" alt=\"\" \/><\/p>\n<\/div>\n<div class=\"col-md-8 col-sm-8\">\n<h4>Praga no Segway dire\u00e7\u00e3o no Google Maps<\/h4>\n<p><iframe loading=\"lazy\" style=\"border: 0;\" src=\"https:\/\/www.google.com\/maps\/embed?pb=!1m18!1m12!1m3!1d5119.879737756842!2d14.41031529687571!3d50.08741267170059!2m3!1f0!2f0!3f0!3m2!1i1024!2i768!4f13.1!3m3!1m2!1s0x470b951d8b274f49%3A0x98581622eff513f5!2sPrague+On+Segway!5e0!3m2!1sen!2scz!4v1493648616089\" width=\"300\" height=\"515\" allowfullscreen=\"allowfullscreen\"><\/iframe><\/p>\n<\/div>\n<div class=\"col-md-12 col-sm-12 col-xs-12 cf-contact-page\">\n\t\t[exec]get_template_part( &#8216;sections\/footer-contact-form-seven&#8217; );[\/exec]\n\t<\/div>\n<div class=\"col-md-12 col-sm-12 col-xs-12\">\n<p class=\"info\">PRAGWAY TOURS S.R.O. | I\u010c 02560305 | PROVOZOVNA: T\u00fdnsk\u00e1 13, 110 00, PRAHA 1 &#8211; STAR\u00c9 M\u011aSTO | SPOLE\u010cNOST JE ZAPSAN\u00c1 V OR VEDEN\u00c9HO M\u011aSTSK\u00ddM SOUDEM V PRAZE, ODD\u00cdL C, VLO\u017dKA 220624<\/p>\n<\/div>\n<div class=\"col-md-12 col-sm-12 col-xs-12\">\n<p class=\"info\">Tags: segway tours near me | location segway Prague | locatie segway Praag | direcci\u00f3n Praga segway ubicacion | Adresse segway<\/p>\n<\/div>\n<\/div>\n","protected":false},"excerpt":{"rendered":"<p>Local de escrit\u00f3rio e ponto de encontro T\u00fdnsk\u00e1 13, (apenas a 100 metros da Pra\u00e7a da Cidade Velha) Praha 1 &#8211; Star\u00e9 M\u011bsto, 11000, Rep\u00fablica Checa Email: info@pragueonsegway.com N\u00famero de contato: +420 477 477 637 Aberto diariamente. 9:00 &#8211; 21:00 (9 AM &#8211; 9 PM) Temporada de inverno: das 9:00 \u00e0s 19:00 Praga no Segway [&hellip;]<\/p>\n","protected":false},"author":1,"featured_media":0,"parent":0,"menu_order":0,"comment_status":"closed","ping_status":"closed","template":"","meta":{"_acf_changed":false,"_joinchat":[],"footnotes":""},"class_list":["post-1088","page","type-page","status-publish","hentry"],"acf":[],"_links":{"self":[{"href":"https:\/\/pragueonsegway.com\/pt-pt\/wp-json\/wp\/v2\/pages\/1088","targetHints":{"allow":["GET"]}}],"collection":[{"href":"https:\/\/pragueonsegway.com\/pt-pt\/wp-json\/wp\/v2\/pages"}],"about":[{"href":"https:\/\/pragueonsegway.com\/pt-pt\/wp-json\/wp\/v2\/types\/page"}],"author":[{"embeddable":true,"href":"https:\/\/pragueonsegway.com\/pt-pt\/wp-json\/wp\/v2\/users\/1"}],"replies":[{"embeddable":true,"href":"https:\/\/pragueonsegway.com\/pt-pt\/wp-json\/wp\/v2\/comments?post=1088"}],"version-history":[{"count":6,"href":"https:\/\/pragueonsegway.com\/pt-pt\/wp-json\/wp\/v2\/pages\/1088\/revisions"}],"predecessor-version":[{"id":10704,"href":"https:\/\/pragueonsegway.com\/pt-pt\/wp-json\/wp\/v2\/pages\/1088\/revisions\/10704"}],"wp:attachment":[{"href":"https:\/\/pragueonsegway.com\/pt-pt\/wp-json\/wp\/v2\/media?parent=1088"}],"curies":[{"name":"wp","href":"https:\/\/api.w.org\/{rel}","templated":true}]}}