{"id":2600,"date":"2017-12-04T16:43:04","date_gmt":"2017-12-04T15:43:04","guid":{"rendered":"https:\/\/pragueonsegway.com\/faq-2\/"},"modified":"2023-06-24T16:56:54","modified_gmt":"2023-06-24T14:56:54","slug":"faq","status":"publish","type":"page","link":"https:\/\/pragueonsegway.com\/fr\/faq\/","title":{"rendered":"Questions et r\u00e9ponses"},"content":{"rendered":"<p><strong>Vous n\u2019avez pas trouv\u00e9 la r\u00e9ponse ci-dessus?<\/strong>\u00a0S\u2019il vous pla\u00eet \u00e9crivez-nous \u00e0\u00a0<a href=\"mailto:info@pragueonsegway.com\">info@pragueonsegway.com<\/a>\u00a0et nous vous r\u00e9pondrons avec la r\u00e9ponse d\u00e8s que possible.<\/p>\n","protected":false},"excerpt":{"rendered":"<p>Vous n\u2019avez pas trouv\u00e9 la r\u00e9ponse ci-dessus?\u00a0S\u2019il vous pla\u00eet \u00e9crivez-nous \u00e0\u00a0info@pragueonsegway.com\u00a0et nous vous r\u00e9pondrons avec la r\u00e9ponse d\u00e8s que possible.<\/p>\n","protected":false},"author":1,"featured_media":0,"parent":0,"menu_order":0,"comment_status":"closed","ping_status":"closed","template":"faq-page-template.php","meta":{"_acf_changed":false,"_joinchat":[],"footnotes":""},"class_list":["post-2600","page","type-page","status-publish","hentry"],"acf":[],"_links":{"self":[{"href":"https:\/\/pragueonsegway.com\/fr\/wp-json\/wp\/v2\/pages\/2600","targetHints":{"allow":["GET"]}}],"collection":[{"href":"https:\/\/pragueonsegway.com\/fr\/wp-json\/wp\/v2\/pages"}],"about":[{"href":"https:\/\/pragueonsegway.com\/fr\/wp-json\/wp\/v2\/types\/page"}],"author":[{"embeddable":true,"href":"https:\/\/pragueonsegway.com\/fr\/wp-json\/wp\/v2\/users\/1"}],"replies":[{"embeddable":true,"href":"https:\/\/pragueonsegway.com\/fr\/wp-json\/wp\/v2\/comments?post=2600"}],"version-history":[{"count":5,"href":"https:\/\/pragueonsegway.com\/fr\/wp-json\/wp\/v2\/pages\/2600\/revisions"}],"predecessor-version":[{"id":11041,"href":"https:\/\/pragueonsegway.com\/fr\/wp-json\/wp\/v2\/pages\/2600\/revisions\/11041"}],"wp:attachment":[{"href":"https:\/\/pragueonsegway.com\/fr\/wp-json\/wp\/v2\/media?parent=2600"}],"curies":[{"name":"wp","href":"https:\/\/api.w.org\/{rel}","templated":true}]}}