{"id":10803,"date":"2017-11-17T18:31:25","date_gmt":"2017-11-17T17:31:25","guid":{"rendered":"https:\/\/pragueonsegway.com\/interdiction-du-segway-a-prague\/"},"modified":"2017-11-17T18:31:25","modified_gmt":"2017-11-17T17:31:25","slug":"interdiction-du-segway-a-prague","status":"publish","type":"page","link":"https:\/\/pragueonsegway.com\/fr\/interdiction-du-segway-a-prague\/","title":{"rendered":"Interdiction du Segway \u00e0 Prague"},"content":{"rendered":"<p>Les visites en Segway sont l&rsquo;un des \u00ab\u00a0incontournables\u00a0\u00bb des touristes lorsqu&rsquo;ils viennent \u00e0 Prague. Ces excursions sont le moyen le plus pratique de visiter la ville pendant quelques heures seulement. Malheureusement, \u00e0 cause des probl\u00e8mes des autorit\u00e9s, les touristes ne peuvent plus conduire en Segway dans la vieille ville de Prague.<\/p>\n<h2>Le d\u00e9but des probl\u00e8mes \u00e0 Prague selon l&rsquo;interdiction du Segway<\/h2>\n<p style=\"display\u00a0: inline-block\u00a0; text-align\u00a0: justifier\u00a0;\"><img decoding=\"async\" class=\"size-medium wp-image-1566 alignright\" style=\"float\u00a0: droite\u00a0; marge\u00a0: 0px 0px 10px 10px\u00a0;\" src=\"https:\/\/pragueonsegway.com\/wp-content\/uploads\/\/prague-segway-ban-map-217x300.jpg\" alt=\"Segway ban map\" width=\"217\" srcset=\"https:\/\/pragueonsegway.com\/wp-content\/uploads\/prague-segway-ban-map-217x300.jpg 217w, https:\/\/pragueonsegway.com\/wp-content\/uploads\/prague-segway-ban-map.jpg 695w, https:\/\/pragueonsegway.com\/wp-content\/uploads\/prague-segway-ban-map-265x366.jpg 265w, https:\/\/pragueonsegway.com\/wp-content\/uploads\/prague-segway-ban-map-313x432.jpg 313w\" sizes=\"(max-width: 217px) 100vw, 217px\" \/>Partout dans le monde, le Segway PT est devenu le moyen de transport le plus populaire. Et Prague ne fait pas exception, car il y avait 26 entreprises proposant des visites dans le centre historique. Les probl\u00e8mes de l&rsquo;interdiction du segway ont d\u00e9j\u00e0 commenc\u00e9 en 2012, lorsque les habitants ont commenc\u00e9 \u00e0 se disputer sur le nombre de Segway dans la vieille ville de Prague (il y en avait environ 400). leur). M\u00eame si le Segway est facile \u00e0 contr\u00f4ler et qu&rsquo;il s&rsquo;agit d&rsquo;un v\u00e9hicule enti\u00e8rement s\u00e9curis\u00e9, de nombreuses entreprises n&rsquo;ont pas suivi les r\u00e8gles de s\u00e9curit\u00e9 de base (comme le port du casque) et n&rsquo;ont pas respect\u00e9 la routine quotidienne des habitants. Prendre des touristes ivres et de petits enfants qui ne peuvent pas contr\u00f4ler la machine, conduire sur les routes et la r\u00e9glementation \u00e9taient les principaux arguments des habitants tch\u00e8ques.<br \/>\nOfficiellement, l&rsquo;interdiction du Segway est entr\u00e9e en vigueur le 6 d\u00e9cembre 2016, car il a fallu 4 ans aux habitants pour recueillir les preuves compromettantes des personnes conduisant en Segway \u00e0 Prague de mani\u00e8re inad\u00e9quate. Malheureusement, non seulement les entreprises qui enfreignaient les r\u00e8gles, mais aussi notre entreprise (celle qui \u00e9tait vraiment stricte envers les touristes et respectait toutes les lois de la R\u00e9publique tch\u00e8que) a souffert de l&rsquo;interdiction adopt\u00e9e par la mairie de Prague.<\/p>\n<h2>Faire face \u00e0 l&rsquo;interdiction du Segway dans le centre-ville de Prague<\/h2>\n<p style=\"display\u00a0: inline-block\u00a0; text-align\u00a0: justifier\u00a0;\"><img loading=\"lazy\" decoding=\"async\" class=\"size-medium wp-image-3003 alignleft\" style=\"float\u00a0: gauche\u00a0; marge\u00a0: 0px 10px 10px 0px\u00a0;\" src=\"https:\/\/pragueonsegway.com\/wp-content\/uploads\/\/segway-ban-prague-crazy-text-300x200.jpg\" alt=\"\" width=\"300\" height=\"200\" \/>M\u00eame si le l&rsquo;interdiction du Segway est entr\u00e9e en vigueur, certaines entreprises n&rsquo;ont pas baiss\u00e9 les bras et ont trouv\u00e9 la solution d&rsquo;interdire le Segway dans la Vieille Ville. Ils ont commenc\u00e9 \u00e0 proposer des visites dans la nouvelle ville (Prague 2 &#8211; Vinohrady), la r\u00e9gion regorgeant de sites historiques, d&rsquo;un magnifique parc et d&rsquo;une vue panoramique. Les autorit\u00e9s locales ont investi plus de 200&rsquo;000 EUR dans des panneaux de signalisation dans les rues de Prague, qui parfois (juste pour dire la v\u00e9rit\u00e9) ont \u00e9t\u00e9 install\u00e9s dans des endroits idiots (par exemple l&rsquo;entr\u00e9e du cimeti\u00e8re, \u00e0 proximit\u00e9 des berges de la rivi\u00e8re ou des escaliers .<br \/>\n\u00c0 partir de ces faits, nous pouvons voir que les autorit\u00e9s n&rsquo;\u00e9taient pas pr\u00e9par\u00e9es \u00e0 l&rsquo;adoption de la nouvelle r\u00e9glementation et qu&rsquo;elles ont essentiellement mis des panneaux de signalisation officiels super chers n&rsquo;importe o\u00f9 juste pour calmer la population locale de Prague. M\u00eame si les touristes \u00e9taient toujours int\u00e9ress\u00e9s \u00e0 faire des visites en Segway, ils n&rsquo;\u00e9taient pas conscients de l&rsquo;\u00e9volution de la situation, car ils ne pouvaient voir aucun des panneaux dans les rues de la vieille ville.<br \/>\nFaire face \u00e0 la pression de la police municipale et \u00e0 la fermeture progressive du quartier de Prague 2 est devenu un d\u00e9fi auquel toutes les entreprises ne peuvent pas faire face. C&rsquo;est la raison pour laquelle d\u00e9j\u00e0 \u00e0 la mi-janvier, il n&rsquo;y avait que 3 entreprises op\u00e9rant avec Segway \u00e0 Prague. M\u00eame si de nombreuses entreprises non responsables ont ferm\u00e9 plus t\u00f4t, l&rsquo;effet de leur style de conduite a eu un effet n\u00e9gatif sur l&rsquo;attitude des habitants \u00e0 l&rsquo;\u00e9gard du Segway. Suite aux nombreuses demandes des habitants tch\u00e8ques, le quartier de fermeture officiel de Prague 2 et des zones proches a \u00e9t\u00e9 adopt\u00e9 par les autorit\u00e9s en juin 2017.<\/p>\n<h2>Compromis fondateurs \u00e0 l&rsquo;interdiction du Segway \u00e0 Prague<\/h2>\n<p>L&rsquo;interdiction du Segway dans de nombreux quartiers de Prague n&rsquo;a pas oblig\u00e9 notre entreprise \u00e0 cesser de travailler avec les touristes et \u00e0 leur apporter du bonheur. D\u00e9j\u00e0 d\u00e9but juillet 2017, nous avons commenc\u00e9 \u00e0 proposer des visites dans la r\u00e9gion de Prague 6 (celle qui se trouve \u00e0 proximit\u00e9 du ch\u00e2teau de Prague), alors que des guides touristiques professionnels ont construit de nouveaux itin\u00e9raires pratiques et profond\u00e9ment historiques pour les d\u00e9butants et les professionnels. En segway dans le ch\u00e2teau de Prague et le monast\u00e8re de Strahov, nous pouvons \u00e9galement proposer des itin\u00e9raires vers le parc national du canyon de Prague \u00e0 l&rsquo;int\u00e9rieur de la ville.<br \/>\nAu centre-ville, nous proposons des scooters \u00e9lectriques \u00e0 la place des segways. Le permis de conduire n&rsquo;est pas requis : ce type de scooters appartient \u00e0 la cat\u00e9gorie des transports de v\u00e9los.<br \/>\nSi vous ne savez pas exactement ce que vous voulez, vous pouvez r\u00e9server une option de visite flexible &#8211; l&rsquo;itin\u00e9raire exact que vous choisirez dans notre boutique avec votre guide personnel. L&rsquo;acompte de r\u00e9servation ou l&rsquo;autorisation de carte de cr\u00e9dit ne sont pas n\u00e9cessaires\u00a0!<\/p>\n","protected":false},"excerpt":{"rendered":"<p>Les visites en Segway sont l&rsquo;un des \u00ab\u00a0incontournables\u00a0\u00bb des touristes lorsqu&rsquo;ils viennent \u00e0 Prague. Ces excursions sont le moyen le plus pratique de visiter la ville pendant quelques heures seulement. Malheureusement, \u00e0 cause des probl\u00e8mes des autorit\u00e9s, les touristes ne peuvent plus conduire en Segway dans la vieille ville de Prague. Le d\u00e9but des probl\u00e8mes [&hellip;]<\/p>\n","protected":false},"author":1,"featured_media":3010,"parent":0,"menu_order":0,"comment_status":"closed","ping_status":"closed","template":"","meta":{"_acf_changed":false,"_joinchat":[],"footnotes":""},"class_list":["post-10803","page","type-page","status-publish","has-post-thumbnail","hentry"],"acf":[],"_links":{"self":[{"href":"https:\/\/pragueonsegway.com\/fr\/wp-json\/wp\/v2\/pages\/10803","targetHints":{"allow":["GET"]}}],"collection":[{"href":"https:\/\/pragueonsegway.com\/fr\/wp-json\/wp\/v2\/pages"}],"about":[{"href":"https:\/\/pragueonsegway.com\/fr\/wp-json\/wp\/v2\/types\/page"}],"author":[{"embeddable":true,"href":"https:\/\/pragueonsegway.com\/fr\/wp-json\/wp\/v2\/users\/1"}],"replies":[{"embeddable":true,"href":"https:\/\/pragueonsegway.com\/fr\/wp-json\/wp\/v2\/comments?post=10803"}],"version-history":[{"count":0,"href":"https:\/\/pragueonsegway.com\/fr\/wp-json\/wp\/v2\/pages\/10803\/revisions"}],"wp:featuredmedia":[{"embeddable":true,"href":"https:\/\/pragueonsegway.com\/fr\/wp-json\/wp\/v2\/media\/3010"}],"wp:attachment":[{"href":"https:\/\/pragueonsegway.com\/fr\/wp-json\/wp\/v2\/media?parent=10803"}],"curies":[{"name":"wp","href":"https:\/\/api.w.org\/{rel}","templated":true}]}}