{"id":3244,"date":"2017-11-17T18:31:25","date_gmt":"2017-11-17T17:31:25","guid":{"rendered":"https:\/\/pragueonsegway.com\/prohibicion-de-segway-en-praga\/"},"modified":"2023-01-08T12:55:05","modified_gmt":"2023-01-08T11:55:05","slug":"prohibicion-de-segway-en-praga","status":"publish","type":"page","link":"https:\/\/pragueonsegway.com\/es\/prohibicion-de-segway-en-praga\/","title":{"rendered":"Prohibici\u00f3n de segway en Praga"},"content":{"rendered":"<p>Realizar tours en Segway es una de las actividades \u00abimprescindibles\u00bb para los turistas cuando vienen a Praga. Estas excursiones son la mejor manera de ver la ciudad en tan solo un par de horas. Desafortunadamente, debido a los incidientes ocurridos , ahora los turistas ya no pueden circular en segway en el casco antiguo de Praga.<\/p>\n<h2>El comienzo de los problemas y la prohibici\u00f3n de segway en Praga<\/h2>\n<p>En todo el mundo el Segway PT se convirti\u00f3 en un transporte muy popular. Y Praga no es ninguna excepci\u00f3n, ya que hab\u00eda 26 compa\u00f1\u00edas que ofrec\u00edan tours en el casco hist\u00f3rico. Las cuestiones de la prohibici\u00f3n de los segways comenzaron all\u00e1 por el 2012, cuando los vecinos comenzaron a discutir sobre la cantidad de segways en el casco antiguo de Praga (hab\u00eda alrededor de 400). Aunque el Segway es f\u00e1cil de controlar y es un veh\u00edculo completamente a prueba de fallos, muchas empresas no siguieron las reglas b\u00e1sicas de seguridad (como el uso de los cascos) y no respetaron la rutina diaria de los habitantes de Praga. Llevar a los turistas bebidos o a ni\u00f1os demasiado peque\u00f1os que no pueden controlar bien la m\u00e1quina, conducir por la carretera, entre otros, fueron los principales argumentos de las autoridades locales.<br \/>\nOficialmente, la prohibici\u00f3n de Segway entr\u00f3 en vigor el 6 de diciembre de 2016, ya que los vecinos tardaron 4 a\u00f1os en unir las pruebas y argumentaci\u00f3n suficiente para la prohibici\u00f3n. Desafortunadamente, no solo las compa\u00f1\u00edas que se estaban saltando las reglas, sino tambi\u00e9n la nuestra, que era realmente estricta con los turistas y cumpl\u00eda todas las leyes de la Rep\u00fablica Checa, sufrieron la prohibici\u00f3n impuesta por el Ayuntamiento de Praga.<\/p>\n<h2>Tratando con la prohibici\u00f3n de segway en el centro hist\u00f3rico de Praga<\/h2>\n<p>A pesar de que se impuso la prohibici\u00f3n de segway, algunas empresas no se rindieron y encontraron una soluci\u00f3n. Empezaron a ofrecer recorridos por la Ciudad Nueva (Praga 2 &#8211; Vinohrady), una zona llena de lugares de inter\u00e9s hist\u00f3rico con un parque hermoso y vistas panor\u00e1micas incre\u00edbles. Las autoridades locales invirtieron m\u00e1s de 200&#8217;000 EUR en se\u00f1ales de tr\u00e1fico en las calles de Praga que, para ser sinceros, a veces se instalaron en lugares sin sentido (la entrada al cementerio o unas escaleras, por ejemplo). Por ello, parece que las autoridades no estaban muy preparadas para la adopci\u00f3n de las nuevas reglamentaciones y que b\u00e1sicamente colocaron se\u00f1ales de tr\u00e1nsito simplemente para calmar a la poblaci\u00f3n local de Praga. Pero los turistas aun siguieron interesados \u200b\u200ben tours en segway, ya que no pod\u00edan ver ninguna de las se\u00f1ales nuevas en las calles del casco antiguo, y por lo tanto no sab\u00edan nada de los cambios.<br \/>\nTratar con la presi\u00f3n de la polic\u00eda local y el cierre gradual tambi\u00e9n del \u00e1rea de Praga 2 se convirti\u00f3 en un desaf\u00edo que no todas las empresas pudieron superar. Era la raz\u00f3n de que ya a mediados de enero solo hab\u00eda 3 compa\u00f1\u00edas de segways en Praga. A pesar de que muchas compa\u00f1\u00edas problem\u00e1ticas cerraron antes, el efecto de su mal trato y desobediencia de las reglas caus\u00f3 una actitud negativa de la gente hacia el segway. Entonces, tras numerosas solicitudes de los habitantes, la prohibici\u00f3n de circulaci\u00f3n en el distrito de Praga 2 y \u00e1reas cercanas fue adoptado por las autoridades ya a finales de junio.<\/p>\n<h3>Buscar soluci\u00f3n para la prohibici\u00f3n de segway en Praga<\/h3>\n<p>A nuestra empresa la prohibici\u00f3n del segway en numerosos distritos de Praga no nos hizo desistir de trabajar con los turistas y hacer su viaje a Praga m\u00e1s especial. Ya a principios de julio comenzamos a ofrecer tours en la zona de Praga 6 (la zona alrededor del Castillo de Praga), mientras que nuestros gu\u00edas tur\u00edsticos profesionales buscaban nuevas rutas interesantes e hist\u00f3ricas.<\/p>\n","protected":false},"excerpt":{"rendered":"<p>Realizar tours en Segway es una de las actividades \u00abimprescindibles\u00bb para los turistas cuando vienen a Praga. Estas excursiones son la mejor manera de ver la ciudad en tan solo un par de horas. Desafortunadamente, debido a los incidientes ocurridos , ahora los turistas ya no pueden circular en segway en el casco antiguo de [&hellip;]<\/p>\n","protected":false},"author":1,"featured_media":3014,"parent":0,"menu_order":0,"comment_status":"closed","ping_status":"closed","template":"","meta":{"_acf_changed":false,"_joinchat":[],"footnotes":""},"class_list":["post-3244","page","type-page","status-publish","has-post-thumbnail","hentry"],"acf":[],"_links":{"self":[{"href":"https:\/\/pragueonsegway.com\/es\/wp-json\/wp\/v2\/pages\/3244","targetHints":{"allow":["GET"]}}],"collection":[{"href":"https:\/\/pragueonsegway.com\/es\/wp-json\/wp\/v2\/pages"}],"about":[{"href":"https:\/\/pragueonsegway.com\/es\/wp-json\/wp\/v2\/types\/page"}],"author":[{"embeddable":true,"href":"https:\/\/pragueonsegway.com\/es\/wp-json\/wp\/v2\/users\/1"}],"replies":[{"embeddable":true,"href":"https:\/\/pragueonsegway.com\/es\/wp-json\/wp\/v2\/comments?post=3244"}],"version-history":[{"count":1,"href":"https:\/\/pragueonsegway.com\/es\/wp-json\/wp\/v2\/pages\/3244\/revisions"}],"predecessor-version":[{"id":10801,"href":"https:\/\/pragueonsegway.com\/es\/wp-json\/wp\/v2\/pages\/3244\/revisions\/10801"}],"wp:featuredmedia":[{"embeddable":true,"href":"https:\/\/pragueonsegway.com\/es\/wp-json\/wp\/v2\/media\/3014"}],"wp:attachment":[{"href":"https:\/\/pragueonsegway.com\/es\/wp-json\/wp\/v2\/media?parent=3244"}],"curies":[{"name":"wp","href":"https:\/\/api.w.org\/{rel}","templated":true}]}}