{"id":1087,"date":"2017-09-01T08:53:15","date_gmt":"2017-09-01T06:53:15","guid":{"rendered":"https:\/\/pragueonsegway.com\/contact\/"},"modified":"2022-11-19T17:04:26","modified_gmt":"2022-11-19T16:04:26","slug":"kontakt","status":"publish","type":"page","link":"https:\/\/pragueonsegway.com\/de\/kontakt\/","title":{"rendered":"Prague On Segway &#8211; Kontakt"},"content":{"rendered":"<div class=\"row\">\n<div class=\"col-md-4 col-sm-4\">\n<h4>Office and meeting point location<\/h4>\n<p>\t\tT\u00fdnsk\u00e1 13,<br \/>\n\t\t<em>(only 100 meters from the Old Town Square)<\/em><br \/>\n\t\tPraha 1 \u2013 Star\u00e9 M\u011bsto, 11000, Czech Republic<\/p>\n<p>\t\tEmail: <a href=\"mailto:info@pragueonsegway.com\">info@pragueonsegway.com<\/a><br \/>\n\t\tContact hotline: <a href=\"tel:00420477477637\">+420 477 477 637<\/a><br \/>\n\t\tOpen daily. 9:00 &#8211; 21:00 (9 AM &#8211; 9 PM)<br \/>\n\t\tWinter season: 9:00 &#8211; 19:00 (9 AM &#8211; 7 PM)<\/p>\n<p>\t\t<img decoding=\"async\" class=\"img-responsive\" src=\"https:\/\/new1.pragueonsegway.com\/wp-content\/uploads\/prague-on-segway-contact.jpg\" alt=\"\" title=\"\"><\/p><\/div>\n<div class=\"col-md-8 col-sm-8\">\n<h4>Prague On Segway address on Google Maps<\/h4>\n<p>\t\t<iframe loading=\"lazy\" style=\"border: 0;\" src=\"https:\/\/www.google.com\/maps\/embed?pb=!1m18!1m12!1m3!1d5119.879737756842!2d14.41031529687571!3d50.08741267170059!2m3!1f0!2f0!3f0!3m2!1i1024!2i768!4f13.1!3m3!1m2!1s0x470b951d8b274f49%3A0x98581622eff513f5!2sPrague+On+Segway!5e0!3m2!1sen!2scz!4v1493648616089\" width=\"300\" height=\"515\" allowfullscreen=\"allowfullscreen\"><\/iframe><\/p><\/div>\n<div class=\"col-md-12 col-sm-12 col-xs-12 cf-contact-page\">\n\t\t[exec]get_template_part( &#8217;sections\/footer-contact-form-seven&#8216; );[\/exec]\n\t<\/div>\n<div class=\"col-md-12 col-sm-12 col-xs-12\">\n<p class=\"info\">PRAGWAY TOURS S.R.O. | I\u010c 02560305 | PROVOZOVNA: T\u00fdnsk\u00e1 13, 110 00, PRAHA 1 &#8211; STAR\u00c9 M\u011aSTO | SPOLE\u010cNOST JE ZAPSAN\u00c1 V OR VEDEN\u00c9HO M\u011aSTSK\u00ddM SOUDEM V PRAZE, ODD\u00cdL C, VLO\u017dKA 220624<\/p>\n<\/p><\/div>\n<div class=\"col-md-12 col-sm-12 col-xs-12\">\n<p class=\"info\">Tags: segway tours near me | location segway Prague | locatie segway Praag | direcci\u00f3n Praga segway ubicacion | Adresse segway<\/p>\n<\/p><\/div>\n<\/div>\n","protected":false},"excerpt":{"rendered":"<p>Office and meeting point location T\u00fdnsk\u00e1 13, (only 100 meters from the Old Town Square) Praha 1 \u2013 Star\u00e9 M\u011bsto, 11000, Czech Republic Email: info@pragueonsegway.com Contact hotline: +420 477 477 637 Open daily. 9:00 &#8211; 21:00 (9 AM &#8211; 9 PM) Winter season: 9:00 &#8211; 19:00 (9 AM &#8211; 7 PM) Prague On Segway address [&hellip;]<\/p>\n","protected":false},"author":1,"featured_media":0,"parent":0,"menu_order":0,"comment_status":"closed","ping_status":"closed","template":"","meta":{"_acf_changed":false,"_joinchat":[],"footnotes":""},"class_list":["post-1087","page","type-page","status-publish","hentry"],"acf":[],"_links":{"self":[{"href":"https:\/\/pragueonsegway.com\/de\/wp-json\/wp\/v2\/pages\/1087","targetHints":{"allow":["GET"]}}],"collection":[{"href":"https:\/\/pragueonsegway.com\/de\/wp-json\/wp\/v2\/pages"}],"about":[{"href":"https:\/\/pragueonsegway.com\/de\/wp-json\/wp\/v2\/types\/page"}],"author":[{"embeddable":true,"href":"https:\/\/pragueonsegway.com\/de\/wp-json\/wp\/v2\/users\/1"}],"replies":[{"embeddable":true,"href":"https:\/\/pragueonsegway.com\/de\/wp-json\/wp\/v2\/comments?post=1087"}],"version-history":[{"count":5,"href":"https:\/\/pragueonsegway.com\/de\/wp-json\/wp\/v2\/pages\/1087\/revisions"}],"predecessor-version":[{"id":10705,"href":"https:\/\/pragueonsegway.com\/de\/wp-json\/wp\/v2\/pages\/1087\/revisions\/10705"}],"wp:attachment":[{"href":"https:\/\/pragueonsegway.com\/de\/wp-json\/wp\/v2\/media?parent=1087"}],"curies":[{"name":"wp","href":"https:\/\/api.w.org\/{rel}","templated":true}]}}