{"id":10802,"date":"2017-11-17T18:31:25","date_gmt":"2017-11-17T17:31:25","guid":{"rendered":"https:\/\/pragueonsegway.com\/segway-verbot-in-prag\/"},"modified":"2017-11-17T18:31:25","modified_gmt":"2017-11-17T17:31:25","slug":"segway-verbot-in-prag","status":"publish","type":"page","link":"https:\/\/pragueonsegway.com\/de\/segway-verbot-in-prag\/","title":{"rendered":"Segway-Verbot in Prag"},"content":{"rendered":"<p>Segway-Touren sind eines der \u201emust do\u201c der Touristen, wenn sie nach Prag kommen. Diese Ausfl\u00fcge sind die bequemste Art, die Stadt nur f\u00fcr ein paar Stunden zu sehen. Leider k\u00f6nnen Touristen aufgrund der Beh\u00f6rdenprobleme jetzt nicht mehr mit dem Segway in der Prager Altstadt fahren.<\/p>\n<h2>Der Beginn der Probleme in Prag nach dem Segway-Verbot<\/h2>\n<p style=\"display: inline-block; text-align: justify;\"><img decoding=\"async\" class=\"size-medium wp-image-1566 alignright\" style=\"float: right; margin: 0px 0px 10px 10px;\" src=\"https:\/\/pragueonsegway.com\/wp-content\/uploads\/\/prague-segway-ban-map-217x300.jpg\" alt=\"Segway-Verbotskarte\" width=\"217\" srcset=\"https:\/\/pragueonsegway.com\/wp-content\/uploads\/prague-segway-ban-map-217x300.jpg 217w, https:\/\/pragueonsegway.com\/wp-content\/uploads\/prague-segway-ban-map.jpg 695w, https:\/\/pragueonsegway.com\/wp-content\/uploads\/prague-segway-ban-map-265x366.jpg 265w, https:\/\/pragueonsegway.com\/wp-content\/uploads\/prague-segway-ban-map-313x432.jpg 313w\" sizes=\"(max-width: 217px) 100vw, 217px\" \/>Auf der ganzen Welt wurde Segway PT die beliebteste Art des Transports. Und Prag ist nicht die Ausnahme, da es 26 Unternehmen gab, die Touren durch das historische Zentrum anboten. Die Probleme des Segway-Verbots begannen bereits 2012, als die Einheimischen anfingen, sich \u00fcber die Menge an Segway in der Prager Altstadt zu streiten (es gab ungef\u00e4hr 400). Sie). Obwohl Segway leicht zu kontrollieren und ein absolut ausfallsicheres Fahrzeug ist, haben viele Unternehmen die grundlegenden Sicherheitsregeln (wie das Tragen von Helmen) nicht befolgt und die t\u00e4gliche Routine der Einheimischen nicht respektiert. Die Mitnahme von betrunkenen Touristen und kleinen Kindern, die die Maschine nicht kontrollieren k\u00f6nnen, das Fahren auf Stra\u00dfen und Vorschriften waren die Hauptargumente der tschechischen Einheimischen.<br \/>\nOffiziell trat das Segway-Verbot am 6. Dezember 2016 in Kraft, da die Einheimischen 4 Jahre brauchten, um die kompromittierenden Beweise daf\u00fcr zu sammeln, dass Personen in Prag auf nicht angemessene Weise mit Segway fahren. Leider litten nicht nur die Unternehmen, die gegen die Regeln verstie\u00dfen, sondern auch unser Unternehmen (das wirklich streng zu den Touristen war und alle Gesetze der Tschechischen Republik einhielt) unter dem vom Prager Rathaus erlassenen Verbot.<\/p>\n<h2>Umgang mit dem Segway-Verbot in der Prager Innenstadt<\/h2>\n<p style=\"display: inline-block; text-align: justify;\"><img loading=\"lazy\" decoding=\"async\" class=\"size-medium wp-image-3003 alignleft\" style=\"float: left; margin: 0px 10px 10px 0px;\" src=\"https:\/\/pragueonsegway.com\/wp-content\/uploads\/\/segway-ban-prague-crazy-text-300x200.jpg\" alt=\"\" width=\"300\" height=\"200\" \/>Obwohl die Segway-Verbot in Kraft trat, einige Unternehmen gaben nicht auf und fanden die L\u00f6sung eines Segway-Verbots in der Altstadt. Sie fingen an, F\u00fchrungen in der Neustadt (Prag 2 &#8211; Vinohrady) anzubieten, dem Gebiet voller historischer Sehensw\u00fcrdigkeiten und wundersch\u00f6nem Park und Panoramablick. Die lokalen Beh\u00f6rden investierten mehr als 200.000 EUR in Stra\u00dfenschilder auf den Stra\u00dfen von Prag, die manchmal (um die Wahrheit zu sagen) an den dummen Stellen (z. B. dem Eingang zum Friedhof, in der N\u00e4he des Flussufers oder der Treppe) angebracht wurden .<br \/>\nAus diesen Tatsachen k\u00f6nnen wir ersehen, dass die Beh\u00f6rden nicht auf die Annahme der neuen Vorschriften vorbereitet waren und im Grunde \u00fcberall offizielle superteure Stra\u00dfenschilder aufstellten, nur um die lokale Bev\u00f6lkerung von Prag zu beruhigen. Obwohl Touristen weiterhin an Segway-Touren interessiert waren, war ihnen die \u00c4nderung der Situation nicht bewusst, da sie keines der Schilder auf den Stra\u00dfen der Altstadt sehen konnten.<br \/>\nDer Umgang mit dem Druck der Stadtpolizei und der schrittweisen Schlie\u00dfung des Bereichs Prag 2 wurde zu einer Herausforderung, mit der nicht jedes Unternehmen umgehen kann. Dies war ein Grund daf\u00fcr, dass bereits Mitte Januar nur 3 Unternehmen mit Segway in Prag t\u00e4tig waren. Obwohl viele nicht verantwortungsbewusste Unternehmen fr\u00fcher schlossen, wirkte sich der Einfluss ihres Fahrstils negativ auf die Einstellung der Einheimischen zum Segway aus. Aufgrund zahlreicher Anfragen von tschechischen Einheimischen wurde im Juni 2017 der offizielle Schlie\u00dfbezirk von Prag 2 und Umgebung von den Beh\u00f6rden angenommen.<\/p>\n<h2>Gr\u00fcndungskompromisse zum Prager Segway-Verbot<\/h2>\n<p>Das Segway-Verbot in den zahlreichen Bezirken Prags zwang unser Unternehmen nicht, die Arbeit mit den Touristen einzustellen und ihnen Freude zu bereiten. Bereits Anfang Juli 2017 haben wir begonnen, Touren im Bereich Prag 6 (in der N\u00e4he der Prager Burg) anzubieten, da professionelle Reiseleiter neue, bequeme und zutiefst historische Routen f\u00fcr Anf\u00e4nger und Profis gebaut haben. Wenn Sie auf dem Segway in der Prager Burg und im Kloster Strahov unterwegs sind, k\u00f6nnen wir auch Routen zum Prager Canyon-Nationalpark innerhalb der Stadt anbieten.<br \/>\nIn der Innenstadt bieten wir E-Scooter statt Segways an. Ein F\u00fchrerschein ist nicht erforderlich: Diese Art von Rollern geh\u00f6rt zur Kategorie Fahrradtransport.<br \/>\nWenn Sie sich nicht sicher sind, was genau Sie wollen, k\u00f6nnen Sie eine flexible Tour-Option buchen &#8211; genau die Route, die Sie zusammen mit Ihrem pers\u00f6nlichen Guide in unserem Shop ausw\u00e4hlen. Anzahlung oder Kreditkartenautorisierung sind nicht erforderlich!<\/p>\n","protected":false},"excerpt":{"rendered":"<p>Segway-Touren sind eines der \u201emust do\u201c der Touristen, wenn sie nach Prag kommen. Diese Ausfl\u00fcge sind die bequemste Art, die Stadt nur f\u00fcr ein paar Stunden zu sehen. Leider k\u00f6nnen Touristen aufgrund der Beh\u00f6rdenprobleme jetzt nicht mehr mit dem Segway in der Prager Altstadt fahren. Der Beginn der Probleme in Prag nach dem Segway-Verbot Auf [&hellip;]<\/p>\n","protected":false},"author":1,"featured_media":3011,"parent":0,"menu_order":0,"comment_status":"closed","ping_status":"closed","template":"","meta":{"_acf_changed":false,"_joinchat":[],"footnotes":""},"class_list":["post-10802","page","type-page","status-publish","has-post-thumbnail","hentry"],"acf":[],"_links":{"self":[{"href":"https:\/\/pragueonsegway.com\/de\/wp-json\/wp\/v2\/pages\/10802","targetHints":{"allow":["GET"]}}],"collection":[{"href":"https:\/\/pragueonsegway.com\/de\/wp-json\/wp\/v2\/pages"}],"about":[{"href":"https:\/\/pragueonsegway.com\/de\/wp-json\/wp\/v2\/types\/page"}],"author":[{"embeddable":true,"href":"https:\/\/pragueonsegway.com\/de\/wp-json\/wp\/v2\/users\/1"}],"replies":[{"embeddable":true,"href":"https:\/\/pragueonsegway.com\/de\/wp-json\/wp\/v2\/comments?post=10802"}],"version-history":[{"count":0,"href":"https:\/\/pragueonsegway.com\/de\/wp-json\/wp\/v2\/pages\/10802\/revisions"}],"wp:featuredmedia":[{"embeddable":true,"href":"https:\/\/pragueonsegway.com\/de\/wp-json\/wp\/v2\/media\/3011"}],"wp:attachment":[{"href":"https:\/\/pragueonsegway.com\/de\/wp-json\/wp\/v2\/media?parent=10802"}],"curies":[{"name":"wp","href":"https:\/\/api.w.org\/{rel}","templated":true}]}}